{"id":35,"date":"2023-06-25T14:19:52","date_gmt":"2023-06-25T14:19:52","guid":{"rendered":"https:\/\/www.lovedayzombies.com\/?page_id=35"},"modified":"2023-08-31T13:29:12","modified_gmt":"2023-08-31T13:29:12","slug":"need-a-logo","status":"publish","type":"page","link":"https:\/\/www.lovedayzombies.com\/pl\/","title":{"rendered":"<strong>POTRZEBUJESZ LOGO?<\/strong> PRZEWI\u0143 W D\u00d3\u0141."},"content":{"rendered":"<p>Listen, imma get straight to the point:\u2028\u2028You need a logo.&nbsp;Obviously.&nbsp;(I mean, you just scrolled down.)And I\u2019m that random guy you found on the internet (ew, not like that!) who holds the key &#8211; yes, I said it, key &#8211; to your prayers.\u2018Prayers?\u2019 I hear you ask, leaning in \u2018What prayers?\u2019Well, logo prayers, of course.&nbsp;See, if you\u2019re looking for<\/p>\n<p>a custom&nbsp;logo,delivered in just 24 hours,<\/p>\n<p>then your \u2018prayers\u2019 have just been answered.&nbsp;Why?<\/p>\n<h2>Because that\u2019s ALL my team of&nbsp;Zombies do&#8230;<\/h2>\n<p>Produce jaw-on-the-floor-eyes-wide-open-oh-my-god logos, without the hefty price tag.&nbsp;&#8230;or the two week wait times.&nbsp;&#8230;or the generic-looking do-it-yourself templates.&nbsp;I mean, just&nbsp;take a look a handful of&nbsp;the brands we&#8217;ve helped launched over the past year thanks to our custom logos:<\/p>\n<p>&#8220;x&#8221;<\/p>\n<p><img loading=\"lazy\" decoding=\"async\" src=\"https:\/\/www.lovedayzombies.com\/wp-content\/uploads\/2023\/08\/Loveday-Zombies-beastyle218.png\" alt=\"\" title=\"Loveday Zombie beastyle218\" width=\"2624\" height=\"2642\" data-op3-attachment-id=\"179\" \/><\/p>\n<p>&#8220;x&#8221;<\/p>\n<p><img loading=\"lazy\" decoding=\"async\" src=\"https:\/\/www.lovedayzombies.com\/wp-content\/uploads\/2023\/08\/Dr.-Soulchild.png\" alt=\"\" title=\"Doktor Soulchild\" width=\"2624\" height=\"2642\" data-op3-attachment-id=\"169\" \/><\/p>\n<p>&#8220;x&#8221;<\/p>\n<p><img loading=\"lazy\" decoding=\"async\" src=\"https:\/\/www.lovedayzombies.com\/wp-content\/uploads\/2023\/08\/MVPando-New.png\" alt=\"\" title=\"MVPando Nowo\u015b\u0107\" width=\"2624\" height=\"2642\" data-op3-attachment-id=\"176\" \/><\/p>\n<p>&#8220;x&#8221;<\/p>\n<p><img loading=\"lazy\" decoding=\"async\" src=\"https:\/\/www.lovedayzombies.com\/wp-content\/uploads\/2023\/08\/Loveday-Zombies-StormlitSith.png\" alt=\"\" title=\"Loveday Zombie StormlitSith\" width=\"2624\" height=\"2642\" data-op3-attachment-id=\"183\" \/><\/p>\n<p>&#8220;x&#8221;<\/p>\n<p><img loading=\"lazy\" decoding=\"async\" src=\"https:\/\/www.lovedayzombies.com\/wp-content\/uploads\/2023\/06\/Djcalypsocrab-copy-300x300.png\" alt=\"Djcalypsocrab\" title=\" Djcalypsocrab\" width=\"2624\" height=\"2642\" data-op3-attachment-id=\"54\" \/><\/p>\n<p>&#8220;x&#8221;<\/p>\n<p><img loading=\"lazy\" decoding=\"async\" src=\"https:\/\/www.lovedayzombies.com\/wp-content\/uploads\/2023\/08\/Loveday-Zombies-Dj-RockSolid.png\" alt=\"\" title=\"Loveday Zombies DJ RockSolid\" width=\"2624\" height=\"2642\" data-op3-attachment-id=\"180\" \/><\/p>\n<p>Cool, I know.&nbsp;But those 6 logos are just scratching the surface.&nbsp;See, my team of Zombies have&nbsp;helped launch 1,793 new brands&nbsp;this past month alone&#8230; &#8230;so we know a thing or two about designing logos that help launch brands.&nbsp;If you&#8217;re like most people reading this page, though, you&#8217;re probably thinking:<\/p>\n<h2>&#8220;This sounds too good to be true&#8230;&#8221;<\/h2>\n<p>But honestly, it&#8217;s not.&nbsp;I mean, it really is as simple as selecting the Loveday Zombies team you want to work with:<\/p>\n<h4><a href=\"https:\/\/www.gamingzombies.com\/ultimate\/gaming\/logo?el=!LovedayZombiesHome\" target=\"_blank\" rel=\"noopener\">GRAJ W ZOMBIE<\/a><\/h4>\n<p>If you&#8217;re a gamer and need a custom logo for your new channel, select this Zombie team.<\/p>\n<p><a href=\"https:\/\/www.gamingzombies.com\/ultimate\/gaming\/logo?el=!LovedayZombiesHome\" target=\"_blank\" data-op-action=\"link\" data-op3-smooth-scroll=\"0\" rel=\"noopener\"><img loading=\"lazy\" decoding=\"async\" src=\"https:\/\/www.lovedayzombies.com\/wp-content\/uploads\/2023\/08\/Gaming-Zombies-1.png\" alt=\"\" title=\"Graj\u0105ce zombie\" width=\"512\" height=\"512\" data-op3-attachment-id=\"187\" \/><\/a><\/p>\n<h4><a href=\"https:\/\/www.djzombies.com\/custom\/dj\/logo?el=!LovedayZombiesHome\" target=\"_blank\" rel=\"noopener\">DJ ZOMBIE<\/a><\/h4>\n<p>If you&#8217;re a DJ and need a custom logo to grow your brand, select this Zombie team.<\/p>\n<p><a href=\"https:\/\/www.djzombies.com\/custom\/dj\/logo?el=!LovedayZombiesHome\" target=\"_blank\" data-op-action=\"link\" data-op3-smooth-scroll=\"0\" rel=\"noopener\"><img loading=\"lazy\" decoding=\"async\" src=\"https:\/\/www.lovedayzombies.com\/wp-content\/uploads\/2023\/08\/DJ-Zombies-1.png\" alt=\"\" title=\"DJ Zombie\" width=\"512\" height=\"512\" data-op3-attachment-id=\"188\" \/><\/a><\/p>\n<h4>wkr\u00f3tce<\/h4>\n<p>Over the next 30 days, we&#8217;re going to be introducing&nbsp;4 all-new Zombie teams!<\/p>\n<p><img loading=\"lazy\" decoding=\"async\" src=\"https:\/\/www.lovedayzombies.com\/wp-content\/uploads\/2023\/08\/Loveday-Zombies.png\" alt=\"\" title=\"Kochane zombie\" width=\"512\" height=\"512\" data-op3-attachment-id=\"189\" \/><\/p>\n<p>Answering 4 quick questions.Making a small, one-time payment.&nbsp;Cracking open a beer (optional).&nbsp;Then doing the hard work of lifting your jaw off the ground when you see your logo sitting in your inbox the very next day.&nbsp;<\/p>\n<h2>Podobnie jak wszystkie <a href=\"https:\/\/www.instagram.com\/lovedayzombies\" target=\"_blank\" style=\"\" rel=\"noopener\">Ci ludzie<\/a>&nbsp;zrobi\u0142<\/h2>\n<p>I <a href=\"https:\/\/www.facebook.com\/lovedayzombies\" target=\"_blank\" style=\"\" rel=\"noopener\">te<\/a>.&nbsp;And <a href=\"https:\/\/uk.trustpilot.com\/review\/gamingzombies.com\" target=\"_blank\" style=\"\" rel=\"noopener\">te<\/a>.&nbsp;Comprende?Cool.&nbsp;And should you need any minor revisions, your assigned Zombie will make them them for you free of charge.&nbsp;Oh, and the best part?Once we&#8217;ve designed your logo, you&#8217;ll be &#8216;in&#8217;.<\/p>\n<h2>You will be a &#8216;LOVEDAY Zombie&#8217;<\/h2>\n<p>Which means you can then get my team of Zombies to use your new logo &#8211; and its colors &#8211; to do everything else you need.&nbsp;A website.&nbsp;Marketing.&nbsp;Video editing.&nbsp;Social media growth.&nbsp;So you don&#8217;t just get a logo designed, but a brand &#8211; a real done-for-you brand &#8211; you can scream from the rooftops about&#8230; ALL OVER SOCIAL MEDIA!&nbsp;A brand you can then use to make money!Pretty exciting stuff, I know.&nbsp;Oh, and guess what?<\/p>\n<p>To get started, all you need to do is select the team of Zombies you wanna work with below&#8230;<\/p>\n<h4><a href=\"https:\/\/www.gamingzombies.com\/ultimate\/gaming\/logo?el=!LovedayZombiesHome\" target=\"_blank\" rel=\"noopener\">GRAJ W ZOMBIE<\/a><\/h4>\n<p>If you&#8217;re a gamer and need a custom logo for your new channel, select this Zombie team.<\/p>\n<p><a href=\"https:\/\/www.gamingzombies.com\/ultimate\/gaming\/logo?el=!LovedayZombiesHome\" target=\"_blank\" data-op-action=\"link\" data-op3-smooth-scroll=\"0\" rel=\"noopener\"><img loading=\"lazy\" decoding=\"async\" src=\"https:\/\/www.lovedayzombies.com\/wp-content\/uploads\/2023\/08\/Gaming-Zombies-1.png\" alt=\"\" title=\"Graj\u0105ce zombie\" width=\"512\" height=\"512\" data-op3-attachment-id=\"187\" \/><\/a><\/p>\n<h4><a href=\"https:\/\/www.djzombies.com\/custom\/dj\/logo?el=!LovedayZombiesHome\" target=\"_blank\" rel=\"noopener\">DJ ZOMBIE<\/a><\/h4>\n<p>If you&#8217;re a DJ and need a custom logo to grow your brand, select this Zombie team.<\/p>\n<p><a href=\"https:\/\/www.djzombies.com\/custom\/dj\/logo?el=!LovedayZombiesHome\" target=\"_blank\" data-op-action=\"link\" data-op3-smooth-scroll=\"0\" rel=\"noopener\"><img loading=\"lazy\" decoding=\"async\" src=\"https:\/\/www.lovedayzombies.com\/wp-content\/uploads\/2023\/08\/DJ-Zombies-1.png\" alt=\"\" title=\"DJ Zombie\" width=\"512\" height=\"512\" data-op3-attachment-id=\"188\" \/><\/a><\/p>\n<h4>wkr\u00f3tce<\/h4>\n<p>Over the next 30 days, we&#8217;re going to be introducing&nbsp;4 all-new Zombie teams!<\/p>\n<p><img loading=\"lazy\" decoding=\"async\" src=\"https:\/\/www.lovedayzombies.com\/wp-content\/uploads\/2023\/08\/Loveday-Zombies.png\" alt=\"\" title=\"Kochane zombie\" width=\"512\" height=\"512\" data-op3-attachment-id=\"189\" \/><\/p>","protected":false},"excerpt":{"rendered":"<p>Listen, imma get straight to the point:\u2028\u2028You need a logo.&nbsp;Obviously.&nbsp;(I mean, you just scrolled down.)And I\u2019m that random guy you found on the internet (ew, not like that!) who holds the key &#8211; yes, I said it, key &#8211; to your prayers.\u2018Prayers?\u2019 I hear you ask, leaning in \u2018What prayers?\u2019Well, logo prayers, of course.&nbsp;See, if [&hellip;]<\/p>\n","protected":false},"author":1,"featured_media":0,"parent":0,"menu_order":0,"comment_status":"closed","ping_status":"closed","template":"","meta":{"footnotes":""},"class_list":["post-35","page","type-page","status-publish","hentry"],"yoast_head":"<!-- This site is optimized with the Yoast SEO plugin v27.4 - https:\/\/yoast.com\/product\/yoast-seo-wordpress\/ -->\n<title>Loveday Zombies | Need a Logo?<\/title>\n<meta name=\"description\" content=\"Need a logo? Follow this 3-step process. Pick what type of logo you&#039;d like. Answer 4 questions. Make your one-time payment. Receive it the next day.\" \/>\n<meta name=\"robots\" content=\"index, follow, max-snippet:-1, max-image-preview:large, max-video-preview:-1\" \/>\n<link rel=\"canonical\" href=\"https:\/\/www.lovedayzombies.com\/pl\/\" \/>\n<meta property=\"og:locale\" content=\"pl_PL\" \/>\n<meta property=\"og:type\" content=\"article\" \/>\n<meta property=\"og:title\" content=\"Loveday Zombies | Need a Logo?\" \/>\n<meta property=\"og:description\" content=\"Need a logo? Follow this 3-step process. Pick what type of logo you&#039;d like. Answer 4 questions. Make your one-time payment. Receive it the next day.\" \/>\n<meta property=\"og:url\" content=\"https:\/\/www.lovedayzombies.com\/pl\/\" \/>\n<meta property=\"og:site_name\" content=\"Loveday Zombies\" \/>\n<meta property=\"article:publisher\" content=\"https:\/\/www.facebook.com\/lovedayzombies\" \/>\n<meta property=\"article:modified_time\" content=\"2023-08-31T13:29:12+00:00\" \/>\n<meta property=\"og:image\" content=\"https:\/\/www.lovedayzombies.com\/wp-content\/uploads\/2023\/08\/Loveday-Zombies-beastyle218.png\" \/>\n<meta name=\"twitter:card\" content=\"summary_large_image\" \/>\n<meta name=\"twitter:label1\" content=\"Szacowany czas czytania\" \/>\n\t<meta name=\"twitter:data1\" content=\"4 minuty\" \/>\n<script type=\"application\/ld+json\" class=\"yoast-schema-graph\">{\"@context\":\"https:\\\/\\\/schema.org\",\"@graph\":[{\"@type\":\"WebPage\",\"@id\":\"https:\\\/\\\/www.lovedayzombies.com\\\/\",\"url\":\"https:\\\/\\\/www.lovedayzombies.com\\\/\",\"name\":\"Loveday Zombies | Need a Logo?\",\"isPartOf\":{\"@id\":\"https:\\\/\\\/www.lovedayzombies.com\\\/#website\"},\"primaryImageOfPage\":{\"@id\":\"https:\\\/\\\/www.lovedayzombies.com\\\/#primaryimage\"},\"image\":{\"@id\":\"https:\\\/\\\/www.lovedayzombies.com\\\/#primaryimage\"},\"thumbnailUrl\":\"https:\\\/\\\/www.lovedayzombies.com\\\/wp-content\\\/uploads\\\/2023\\\/08\\\/Loveday-Zombies-beastyle218.png\",\"datePublished\":\"2023-06-25T14:19:52+00:00\",\"dateModified\":\"2023-08-31T13:29:12+00:00\",\"description\":\"Need a logo? Follow this 3-step process. Pick what type of logo you'd like. Answer 4 questions. Make your one-time payment. Receive it the next day.\",\"breadcrumb\":{\"@id\":\"https:\\\/\\\/www.lovedayzombies.com\\\/#breadcrumb\"},\"inLanguage\":\"pl-PL\",\"potentialAction\":[{\"@type\":\"ReadAction\",\"target\":[\"https:\\\/\\\/www.lovedayzombies.com\\\/\"]}]},{\"@type\":\"ImageObject\",\"inLanguage\":\"pl-PL\",\"@id\":\"https:\\\/\\\/www.lovedayzombies.com\\\/#primaryimage\",\"url\":\"https:\\\/\\\/www.lovedayzombies.com\\\/wp-content\\\/uploads\\\/2023\\\/08\\\/Loveday-Zombies-beastyle218.png\",\"contentUrl\":\"https:\\\/\\\/www.lovedayzombies.com\\\/wp-content\\\/uploads\\\/2023\\\/08\\\/Loveday-Zombies-beastyle218.png\"},{\"@type\":\"BreadcrumbList\",\"@id\":\"https:\\\/\\\/www.lovedayzombies.com\\\/#breadcrumb\",\"itemListElement\":[{\"@type\":\"ListItem\",\"position\":1,\"name\":\"Home\",\"item\":\"https:\\\/\\\/www.lovedayzombies.com\\\/\"},{\"@type\":\"ListItem\",\"position\":2,\"name\":\"NEED A LOGO? SCROLL DOWN.\"}]},{\"@type\":\"WebSite\",\"@id\":\"https:\\\/\\\/www.lovedayzombies.com\\\/#website\",\"url\":\"https:\\\/\\\/www.lovedayzombies.com\\\/\",\"name\":\"Loveday Zombies\",\"description\":\"\",\"publisher\":{\"@id\":\"https:\\\/\\\/www.lovedayzombies.com\\\/#organization\"},\"potentialAction\":[{\"@type\":\"SearchAction\",\"target\":{\"@type\":\"EntryPoint\",\"urlTemplate\":\"https:\\\/\\\/www.lovedayzombies.com\\\/?s={search_term_string}\"},\"query-input\":{\"@type\":\"PropertyValueSpecification\",\"valueRequired\":true,\"valueName\":\"search_term_string\"}}],\"inLanguage\":\"pl-PL\"},{\"@type\":\"Organization\",\"@id\":\"https:\\\/\\\/www.lovedayzombies.com\\\/#organization\",\"name\":\"Loveday Zombies\",\"url\":\"https:\\\/\\\/www.lovedayzombies.com\\\/\",\"logo\":{\"@type\":\"ImageObject\",\"inLanguage\":\"pl-PL\",\"@id\":\"https:\\\/\\\/www.lovedayzombies.com\\\/#\\\/schema\\\/logo\\\/image\\\/\",\"url\":\"https:\\\/\\\/www.lovedayzombies.com\\\/wp-content\\\/uploads\\\/2023\\\/08\\\/Loveday-Zombies-440.png\",\"contentUrl\":\"https:\\\/\\\/www.lovedayzombies.com\\\/wp-content\\\/uploads\\\/2023\\\/08\\\/Loveday-Zombies-440.png\",\"width\":440,\"height\":540,\"caption\":\"Loveday Zombies\"},\"image\":{\"@id\":\"https:\\\/\\\/www.lovedayzombies.com\\\/#\\\/schema\\\/logo\\\/image\\\/\"},\"sameAs\":[\"https:\\\/\\\/www.facebook.com\\\/lovedayzombies\",\"https:\\\/\\\/www.instagram.com\\\/lovedayzombies\"]}]}<\/script>\n<!-- \/ Yoast SEO plugin. -->","yoast_head_json":{"title":"Loveday Zombies | Need a Logo?","description":"Need a logo? Follow this 3-step process. Pick what type of logo you'd like. Answer 4 questions. Make your one-time payment. Receive it the next day.","robots":{"index":"index","follow":"follow","max-snippet":"max-snippet:-1","max-image-preview":"max-image-preview:large","max-video-preview":"max-video-preview:-1"},"canonical":"https:\/\/www.lovedayzombies.com\/pl\/","og_locale":"pl_PL","og_type":"article","og_title":"Loveday Zombies | Need a Logo?","og_description":"Need a logo? Follow this 3-step process. Pick what type of logo you'd like. Answer 4 questions. Make your one-time payment. Receive it the next day.","og_url":"https:\/\/www.lovedayzombies.com\/pl\/","og_site_name":"Loveday Zombies","article_publisher":"https:\/\/www.facebook.com\/lovedayzombies","article_modified_time":"2023-08-31T13:29:12+00:00","og_image":[{"url":"https:\/\/www.lovedayzombies.com\/wp-content\/uploads\/2023\/08\/Loveday-Zombies-beastyle218.png","type":"","width":"","height":""}],"twitter_card":"summary_large_image","twitter_misc":{"Szacowany czas czytania":"4 minuty"},"schema":{"@context":"https:\/\/schema.org","@graph":[{"@type":"WebPage","@id":"https:\/\/www.lovedayzombies.com\/","url":"https:\/\/www.lovedayzombies.com\/","name":"Loveday Zombies | Need a Logo?","isPartOf":{"@id":"https:\/\/www.lovedayzombies.com\/#website"},"primaryImageOfPage":{"@id":"https:\/\/www.lovedayzombies.com\/#primaryimage"},"image":{"@id":"https:\/\/www.lovedayzombies.com\/#primaryimage"},"thumbnailUrl":"https:\/\/www.lovedayzombies.com\/wp-content\/uploads\/2023\/08\/Loveday-Zombies-beastyle218.png","datePublished":"2023-06-25T14:19:52+00:00","dateModified":"2023-08-31T13:29:12+00:00","description":"Need a logo? Follow this 3-step process. Pick what type of logo you'd like. Answer 4 questions. Make your one-time payment. Receive it the next day.","breadcrumb":{"@id":"https:\/\/www.lovedayzombies.com\/#breadcrumb"},"inLanguage":"pl-PL","potentialAction":[{"@type":"ReadAction","target":["https:\/\/www.lovedayzombies.com\/"]}]},{"@type":"ImageObject","inLanguage":"pl-PL","@id":"https:\/\/www.lovedayzombies.com\/#primaryimage","url":"https:\/\/www.lovedayzombies.com\/wp-content\/uploads\/2023\/08\/Loveday-Zombies-beastyle218.png","contentUrl":"https:\/\/www.lovedayzombies.com\/wp-content\/uploads\/2023\/08\/Loveday-Zombies-beastyle218.png"},{"@type":"BreadcrumbList","@id":"https:\/\/www.lovedayzombies.com\/#breadcrumb","itemListElement":[{"@type":"ListItem","position":1,"name":"Home","item":"https:\/\/www.lovedayzombies.com\/"},{"@type":"ListItem","position":2,"name":"NEED A LOGO? SCROLL DOWN."}]},{"@type":"WebSite","@id":"https:\/\/www.lovedayzombies.com\/#website","url":"https:\/\/www.lovedayzombies.com\/","name":"Kochane zombie","description":"","publisher":{"@id":"https:\/\/www.lovedayzombies.com\/#organization"},"potentialAction":[{"@type":"SearchAction","target":{"@type":"EntryPoint","urlTemplate":"https:\/\/www.lovedayzombies.com\/?s={search_term_string}"},"query-input":{"@type":"PropertyValueSpecification","valueRequired":true,"valueName":"search_term_string"}}],"inLanguage":"pl-PL"},{"@type":"Organization","@id":"https:\/\/www.lovedayzombies.com\/#organization","name":"Kochane zombie","url":"https:\/\/www.lovedayzombies.com\/","logo":{"@type":"ImageObject","inLanguage":"pl-PL","@id":"https:\/\/www.lovedayzombies.com\/#\/schema\/logo\/image\/","url":"https:\/\/www.lovedayzombies.com\/wp-content\/uploads\/2023\/08\/Loveday-Zombies-440.png","contentUrl":"https:\/\/www.lovedayzombies.com\/wp-content\/uploads\/2023\/08\/Loveday-Zombies-440.png","width":440,"height":540,"caption":"Loveday Zombies"},"image":{"@id":"https:\/\/www.lovedayzombies.com\/#\/schema\/logo\/image\/"},"sameAs":["https:\/\/www.facebook.com\/lovedayzombies","https:\/\/www.instagram.com\/lovedayzombies"]}]}},"_links":{"self":[{"href":"https:\/\/www.lovedayzombies.com\/pl\/wp-json\/wp\/v2\/pages\/35","targetHints":{"allow":["GET"]}}],"collection":[{"href":"https:\/\/www.lovedayzombies.com\/pl\/wp-json\/wp\/v2\/pages"}],"about":[{"href":"https:\/\/www.lovedayzombies.com\/pl\/wp-json\/wp\/v2\/types\/page"}],"author":[{"embeddable":true,"href":"https:\/\/www.lovedayzombies.com\/pl\/wp-json\/wp\/v2\/users\/1"}],"replies":[{"embeddable":true,"href":"https:\/\/www.lovedayzombies.com\/pl\/wp-json\/wp\/v2\/comments?post=35"}],"version-history":[{"count":35,"href":"https:\/\/www.lovedayzombies.com\/pl\/wp-json\/wp\/v2\/pages\/35\/revisions"}],"predecessor-version":[{"id":254,"href":"https:\/\/www.lovedayzombies.com\/pl\/wp-json\/wp\/v2\/pages\/35\/revisions\/254"}],"wp:attachment":[{"href":"https:\/\/www.lovedayzombies.com\/pl\/wp-json\/wp\/v2\/media?parent=35"}],"curies":[{"name":"wp","href":"https:\/\/api.w.org\/{rel}","templated":true}]}}